{"id":112,"date":"2023-01-19T00:53:46","date_gmt":"2023-01-18T23:53:46","guid":{"rendered":"http:\/\/cegenundthierry.ch\/?page_id=112"},"modified":"2023-03-09T17:55:42","modified_gmt":"2023-03-09T16:55:42","slug":"home","status":"publish","type":"page","link":"https:\/\/cegenundthierry.ch\/","title":{"rendered":"Home"},"content":{"rendered":"\n<figure class=\"wp-block-image size-large\"><img decoding=\"async\" width=\"1024\" height=\"512\" data-src=\"https:\/\/cegenundthierry.ch\/wp-content\/uploads\/2023\/01\/CuT_Gemeinsam_Park_2560x-1024x512.jpg\" alt=\"\" class=\"wp-image-129 lazyload\" data-srcset=\"https:\/\/cegenundthierry.ch\/wp-content\/uploads\/2023\/01\/CuT_Gemeinsam_Park_2560x-1024x512.jpg 1024w, https:\/\/cegenundthierry.ch\/wp-content\/uploads\/2023\/01\/CuT_Gemeinsam_Park_2560x-300x150.jpg 300w, https:\/\/cegenundthierry.ch\/wp-content\/uploads\/2023\/01\/CuT_Gemeinsam_Park_2560x-768x384.jpg 768w, https:\/\/cegenundthierry.ch\/wp-content\/uploads\/2023\/01\/CuT_Gemeinsam_Park_2560x-1536x768.jpg 1536w, https:\/\/cegenundthierry.ch\/wp-content\/uploads\/2023\/01\/CuT_Gemeinsam_Park_2560x-2048x1024.jpg 2048w\" data-sizes=\"(max-width: 1024px) 100vw, 1024px\" src=\"data:image\/svg+xml;base64,PHN2ZyB3aWR0aD0iMSIgaGVpZ2h0PSIxIiB4bWxucz0iaHR0cDovL3d3dy53My5vcmcvMjAwMC9zdmciPjwvc3ZnPg==\" style=\"--smush-placeholder-width: 1024px; --smush-placeholder-aspect-ratio: 1024\/512;\" \/><\/figure>\n\n\n\n<p><\/p>\n\n\n\n<p><\/p>\n\n\n\n<h2 class=\"has-text-align-left wp-block-heading\" style=\"text-transform:uppercase\">Hochzeit von cegen und thierry<\/h2>\n\n\n\n<div class=\"wp-block-group\"><div class=\"wp-block-group__inner-container is-layout-constrained wp-block-group-is-layout-constrained\">\n<div id=\"section-g2e6783\" class=\"wp-block-gutentor-e1 section-g2e6783 gutentor-element gutentor-element-advanced-text\"><div class=\"gutentor-text-wrap\"><p class=\"gutentor-text\">Wir k\u00f6nnen es kaum erwarten, unseren besonderen Tag mit euch zu feiern. Auf dieser Webseite findest Du alle wichtigen Details zu unserer Hochzeit. Falls noch Fragen offen bleiben, so beantworten wir diese gerne. Zudem bauen wir auch sukzessive die FAQs &#8211; die oft gestellten Fragen &#8211; aus. Wir hoffen sehr, dass Du an der Hochzeit teilnehmen kannst und bitten Dich um eine Anmeldung bis sp\u00e4testens Ende M\u00e4rz.<\/p><\/div><\/div>\n<\/div><\/div>\n\n\n\n<div id=\"section-ga16dbf\" class=\"wp-block-gutentor-e1 section-ga16dbf gutentor-element gutentor-element-advanced-text\"><div class=\"gutentor-text-wrap\"><p class=\"gutentor-text\">Liebe Gr\u00fcsse, <br>Cegen &amp; Thierry<\/p><\/div><\/div>\n\n\n\n<p><\/p>\n\n\n\n<div class=\"wp-block-buttons has-custom-font-size has-medium-font-size is-content-justification-center is-layout-flex wp-container-core-buttons-is-layout-16018d1d wp-block-buttons-is-layout-flex\">\n<div class=\"wp-block-button has-custom-width wp-block-button__width-75 has-custom-font-size is-style-fill has-medium-font-size\" style=\"letter-spacing:3px\"><a class=\"wp-block-button__link has-white-color has-text-color has-background wp-element-button\" href=\"http:\/\/cegenundthierry.ch\/index.php\/anmeldung\/\" style=\"border-radius:3px;background-color:#caa755\">RSVP \/ ANMELDUNG<\/a><\/div>\n<\/div>\n\n\n\n<p><\/p>\n\n\n\n<hr class=\"wp-block-separator has-alpha-channel-opacity\"\/>\n\n\n\n<section id=\"gm0f0767a\" class=\"wp-block-gutentor-m3 section-gm0f0767a gutentor-module gutentor-container-cover\"><div class=\"grid-container\">\n<section id=\"gm673b108\" class=\"wp-block-gutentor-m4 section-gm673b108 gutentor-module gutentor-advanced-columns\"><div class=\"grid-container\"><div class=\"grid-row\">\n<div id=\"col-gm2c1c96\" class=\"wp-block-gutentor-m4-col col-gm2c1c96 gutentor-single-column  grid-lg-4 grid-md-12 grid-12\"><div id=\"section-gm2c1c96\" class=\"section-gm2c1c96 gutentor-col-wrap\"><div class=\"wp-block-image\">\n<figure class=\"aligncenter size-full is-resized\"><img decoding=\"async\" data-src=\"https:\/\/cegenundthierry.ch\/wp-content\/uploads\/2023\/03\/Kalender-2.png\" alt=\"\" class=\"wp-image-405 lazyload\" width=\"152\" height=\"132\" src=\"data:image\/svg+xml;base64,PHN2ZyB3aWR0aD0iMSIgaGVpZ2h0PSIxIiB4bWxucz0iaHR0cDovL3d3dy53My5vcmcvMjAwMC9zdmciPjwvc3ZnPg==\" style=\"--smush-placeholder-width: 152px; --smush-placeholder-aspect-ratio: 152\/132;\" \/><\/figure>\n<\/div>\n\n\n<h3 class=\"has-text-align-center wp-block-heading\" style=\"font-style:normal;font-weight:200;text-transform:uppercase\">13. Mai 2023<\/h3>\n<\/div><\/div>\n\n\n\n<div id=\"col-gmd67470\" class=\"wp-block-gutentor-m4-col col-gmd67470 gutentor-single-column  grid-lg-4 grid-md-12 grid-12\"><div id=\"section-gmd67470\" class=\"section-gmd67470 gutentor-col-wrap\"><div class=\"wp-block-image\">\n<figure class=\"aligncenter size-full\"><img decoding=\"async\" width=\"135\" height=\"135\" data-src=\"https:\/\/cegenundthierry.ch\/wp-content\/uploads\/2023\/03\/Uhrzeit-1.png\" alt=\"\" class=\"wp-image-406 lazyload\" data-srcset=\"https:\/\/cegenundthierry.ch\/wp-content\/uploads\/2023\/03\/Uhrzeit-1.png 135w, https:\/\/cegenundthierry.ch\/wp-content\/uploads\/2023\/03\/Uhrzeit-1-100x100.png 100w\" data-sizes=\"(max-width: 135px) 100vw, 135px\" src=\"data:image\/svg+xml;base64,PHN2ZyB3aWR0aD0iMSIgaGVpZ2h0PSIxIiB4bWxucz0iaHR0cDovL3d3dy53My5vcmcvMjAwMC9zdmciPjwvc3ZnPg==\" style=\"--smush-placeholder-width: 135px; --smush-placeholder-aspect-ratio: 135\/135;\" \/><\/figure>\n<\/div>\n\n\n<h3 class=\"has-text-align-center wp-block-heading\" style=\"font-style:normal;font-weight:200;text-transform:uppercase\">13:00 UHR<\/h3>\n<\/div><\/div>\n\n\n\n<div id=\"col-gm045ecc\" class=\"wp-block-gutentor-m4-col col-gm045ecc gutentor-single-column  grid-lg-4 grid-md-12 grid-12\"><div id=\"section-gm045ecc\" class=\"section-gm045ecc gutentor-col-wrap\"><div class=\"wp-block-image\">\n<figure class=\"aligncenter size-full is-resized\"><img decoding=\"async\" data-src=\"https:\/\/cegenundthierry.ch\/wp-content\/uploads\/2023\/03\/Ort.png\" alt=\"\" class=\"wp-image-387 lazyload\" width=\"101\" height=\"130\" src=\"data:image\/svg+xml;base64,PHN2ZyB3aWR0aD0iMSIgaGVpZ2h0PSIxIiB4bWxucz0iaHR0cDovL3d3dy53My5vcmcvMjAwMC9zdmciPjwvc3ZnPg==\" style=\"--smush-placeholder-width: 101px; --smush-placeholder-aspect-ratio: 101\/130;\" \/><\/figure>\n<\/div>\n\n\n<h3 class=\"has-text-align-center wp-block-heading\" style=\"font-style:normal;font-weight:200;text-transform:uppercase\">Hofgut von H\u00fcnersdorff<\/h3>\n<\/div><\/div>\n<\/div><\/div><\/section>\n<\/div><\/section>\n\n\n\n<p><\/p>\n\n\n\n<hr class=\"wp-block-separator has-alpha-channel-opacity\"\/>\n\n\n\n<section id=\"section-583edd47-d351-46b2-ba4e-d99ad0f17aa9\" class=\"wp-block-gutentor-image-box gutentor-section gutentor-image-wrapper imagebox-template1 has-color-bg has-custom-bg\"><div class=\"grid-container\"><div class=\"gutentor-block-header\"><div class=\"gutentor-section-title enable-title-design seperator-bottom text-center\"><h2 class=\"gutentor-title\">DETAILS ZUR HOCHZEIT<\/h2><\/div><\/div><div class=\"grid-row gutentor-grid-item-wrap\"><div class=\"gutentor-grid-column grid-lg-6 grid-md-4 grid-12\"><div class=\"gutentor-single-item gutentor-image gutentor-single-item-0\"><div class=\"gutentor-single-item-wrap\"><div class=\"gutentor-single-item-image-box\"><div class=\"gutentor-image-thumb\"><img decoding=\"async\" class=\"normal-image lazyload\" data-src=\"https:\/\/cegenundthierry.ch\/wp-content\/uploads\/2023\/01\/CuT_Haende2_small.jpg\" alt=\"\" height=\"1280\" width=\"2560\" src=\"data:image\/svg+xml;base64,PHN2ZyB3aWR0aD0iMSIgaGVpZ2h0PSIxIiB4bWxucz0iaHR0cDovL3d3dy53My5vcmcvMjAwMC9zdmciPjwvc3ZnPg==\" style=\"--smush-placeholder-width: 2560px; --smush-placeholder-aspect-ratio: 2560\/1280;\" \/><\/div><\/div><div class=\"gutentor-single-item-content\"><h3 class=\"gutentor-single-item-title\"><strong>Programm<\/strong><\/h3><p class=\"gutentor-single-item-desc\">Die feierliche Trauung, der anschliessende Empfang sowie das Dinner mit dem Fest finden auf dem Hofgut von H\u00fcnersdorff statt. Wir besammeln uns im Innenhof ab 13 Uhr.<\/p><a class=\"gutentor-button gutentor-single-item-button gutentor-icon-hide\" href=\"http:\/\/cegenundthierry.ch\/index.php\/programm\/\"><i class=\"gutentor-button-icon fas fa-book\"><\/i><span>Mehr erfahren<\/span><\/a><\/div><\/div><\/div><\/div><div class=\"gutentor-grid-column grid-lg-6 grid-md-4 grid-12\"><div class=\"gutentor-single-item gutentor-image gutentor-single-item-1\"><div class=\"gutentor-single-item-wrap\"><div class=\"gutentor-single-item-image-box\"><div class=\"gutentor-image-thumb\"><img decoding=\"async\" class=\"normal-image lazyload\" data-src=\"https:\/\/cegenundthierry.ch\/wp-content\/uploads\/2023\/01\/Hofgut_Aussen-e1677965571525.jpg\" alt=\"\" height=\"309\" width=\"600\" src=\"data:image\/svg+xml;base64,PHN2ZyB3aWR0aD0iMSIgaGVpZ2h0PSIxIiB4bWxucz0iaHR0cDovL3d3dy53My5vcmcvMjAwMC9zdmciPjwvc3ZnPg==\" style=\"--smush-placeholder-width: 600px; --smush-placeholder-aspect-ratio: 600\/309;\" \/><\/div><\/div><div class=\"gutentor-single-item-content\"><h3 class=\"gutentor-single-item-title\"><strong>Anreise<\/strong><\/h3><p class=\"gutentor-single-item-desc\">Das Hofgut von H\u00fcnersdorff ist sowohl mit dem Auto als auch der Bahn gut erreichbar. Es bietet ausreichend Parkpl\u00e4tze und liegt nur rund 200m vom Bahnhof W\u00f6rth (Main) entfernt.<\/p><a class=\"gutentor-button gutentor-single-item-button gutentor-icon-hide\" href=\"http:\/\/cegenundthierry.ch\/index.php\/anfahrt\/\"><i class=\"gutentor-button-icon fas fa-book\"><\/i><span>Mehr erfahren<\/span><\/a><\/div><\/div><\/div><\/div><div class=\"gutentor-grid-column grid-lg-6 grid-md-4 grid-12\"><div class=\"gutentor-single-item gutentor-image gutentor-single-item-2\"><div class=\"gutentor-single-item-wrap\"><div class=\"gutentor-single-item-image-box\"><div class=\"gutentor-image-thumb\"><img decoding=\"async\" class=\"normal-image lazyload\" data-src=\"https:\/\/cegenundthierry.ch\/wp-content\/uploads\/2023\/03\/altes-hotelschild-leuchtreklame--e1678150231137.jpg\" alt=\"\" height=\"495\" width=\"1000\" src=\"data:image\/svg+xml;base64,PHN2ZyB3aWR0aD0iMSIgaGVpZ2h0PSIxIiB4bWxucz0iaHR0cDovL3d3dy53My5vcmcvMjAwMC9zdmciPjwvc3ZnPg==\" style=\"--smush-placeholder-width: 1000px; --smush-placeholder-aspect-ratio: 1000\/495;\" \/><\/div><\/div><div class=\"gutentor-single-item-content\"><h3 class=\"gutentor-single-item-title\"><strong>Unterkunft<\/strong><\/h3><p class=\"gutentor-single-item-desc\">Im benachbarten Ort Obernburg haben wir in verschiedenen Hotels Zimmer f\u00fcr die Hochzeitsgesellschaft vorreserviert. Ein Shuttle-Bus verkehrt zwischen den Hotels und dem Veranstaltungsort.<\/p><a class=\"gutentor-button gutentor-single-item-button gutentor-icon-hide\" href=\"http:\/\/cegenundthierry.ch\/index.php\/unterkunft\/\"><i class=\"gutentor-button-icon fas fa-book\"><\/i><span>Mehr erfahren<\/span><\/a><\/div><\/div><\/div><\/div><div class=\"gutentor-grid-column grid-lg-6 grid-md-4 grid-12\"><div class=\"gutentor-single-item gutentor-image gutentor-single-item-3\"><div class=\"gutentor-single-item-wrap\"><div class=\"gutentor-single-item-image-box\"><div class=\"gutentor-image-thumb\"><img decoding=\"async\" class=\"normal-image lazyload\" data-src=\"http:\/\/cegenundthierry.ch\/wp-content\/uploads\/2023\/01\/CuT_Tisch_Deko_2560x.jpg\" alt=\"\" height=\"1280\" width=\"2560\" src=\"data:image\/svg+xml;base64,PHN2ZyB3aWR0aD0iMSIgaGVpZ2h0PSIxIiB4bWxucz0iaHR0cDovL3d3dy53My5vcmcvMjAwMC9zdmciPjwvc3ZnPg==\" style=\"--smush-placeholder-width: 2560px; --smush-placeholder-aspect-ratio: 2560\/1280;\" \/><\/div><\/div><div class=\"gutentor-single-item-content\"><h3 class=\"gutentor-single-item-title\"><strong>Anmeldung<\/strong><\/h3><p class=\"gutentor-single-item-desc\">Wir hoffen wirklich sehr fest, dass Du es Dir einrichten kannst, Gast an unserer Hochzeit zu sein. F\u00fcr die Planung des Anlasses sind wir froh um ein paar Angaben. Bitte melde Dich und Deine Familie an.<\/p><a class=\"gutentor-button gutentor-single-item-button gutentor-icon-hide\" href=\"http:\/\/cegenundthierry.ch\/index.php\/anmeldung\/\"><i class=\"gutentor-button-icon fas fa-book\"><\/i><span>Sich anmelden<\/span><\/a><\/div><\/div><\/div><\/div><\/div><\/div><\/section>\n","protected":false},"excerpt":{"rendered":"<p>Hochzeit von cegen und thierry<\/p>\n","protected":false},"author":2,"featured_media":0,"parent":0,"menu_order":0,"comment_status":"closed","ping_status":"closed","template":"template-builder.php","meta":{"footnotes":""},"class_list":["post-112","page","type-page","status-publish","hentry"],"_links":{"self":[{"href":"https:\/\/cegenundthierry.ch\/index.php\/wp-json\/wp\/v2\/pages\/112","targetHints":{"allow":["GET"]}}],"collection":[{"href":"https:\/\/cegenundthierry.ch\/index.php\/wp-json\/wp\/v2\/pages"}],"about":[{"href":"https:\/\/cegenundthierry.ch\/index.php\/wp-json\/wp\/v2\/types\/page"}],"author":[{"embeddable":true,"href":"https:\/\/cegenundthierry.ch\/index.php\/wp-json\/wp\/v2\/users\/2"}],"replies":[{"embeddable":true,"href":"https:\/\/cegenundthierry.ch\/index.php\/wp-json\/wp\/v2\/comments?post=112"}],"version-history":[{"count":100,"href":"https:\/\/cegenundthierry.ch\/index.php\/wp-json\/wp\/v2\/pages\/112\/revisions"}],"predecessor-version":[{"id":536,"href":"https:\/\/cegenundthierry.ch\/index.php\/wp-json\/wp\/v2\/pages\/112\/revisions\/536"}],"wp:attachment":[{"href":"https:\/\/cegenundthierry.ch\/index.php\/wp-json\/wp\/v2\/media?parent=112"}],"curies":[{"name":"wp","href":"https:\/\/api.w.org\/{rel}","templated":true}]}}