{"id":45,"date":"2023-01-18T22:12:44","date_gmt":"2023-01-18T21:12:44","guid":{"rendered":"http:\/\/cegenundthierry.ch\/?page_id=45"},"modified":"2023-03-11T12:38:31","modified_gmt":"2023-03-11T11:38:31","slug":"anmeldung","status":"publish","type":"page","link":"https:\/\/cegenundthierry.ch\/index.php\/anmeldung\/","title":{"rendered":"Anmeldung"},"content":{"rendered":"\n<figure class=\"wp-block-image size-large\"><img decoding=\"async\" width=\"1024\" height=\"512\" data-src=\"http:\/\/cegenundthierry.ch\/wp-content\/uploads\/2023\/01\/CuT_Tisch_Deko_2560x-1024x512.jpg\" alt=\"\" class=\"wp-image-128 lazyload\" data-srcset=\"https:\/\/cegenundthierry.ch\/wp-content\/uploads\/2023\/01\/CuT_Tisch_Deko_2560x-1024x512.jpg 1024w, https:\/\/cegenundthierry.ch\/wp-content\/uploads\/2023\/01\/CuT_Tisch_Deko_2560x-300x150.jpg 300w, https:\/\/cegenundthierry.ch\/wp-content\/uploads\/2023\/01\/CuT_Tisch_Deko_2560x-768x384.jpg 768w, https:\/\/cegenundthierry.ch\/wp-content\/uploads\/2023\/01\/CuT_Tisch_Deko_2560x-1536x768.jpg 1536w, https:\/\/cegenundthierry.ch\/wp-content\/uploads\/2023\/01\/CuT_Tisch_Deko_2560x-2048x1024.jpg 2048w\" data-sizes=\"(max-width: 1024px) 100vw, 1024px\" src=\"data:image\/svg+xml;base64,PHN2ZyB3aWR0aD0iMSIgaGVpZ2h0PSIxIiB4bWxucz0iaHR0cDovL3d3dy53My5vcmcvMjAwMC9zdmciPjwvc3ZnPg==\" style=\"--smush-placeholder-width: 1024px; --smush-placeholder-aspect-ratio: 1024\/512;\" \/><\/figure>\n\n\n\n<div id=\"section-gaa9ab9\" class=\"wp-block-gutentor-e1 section-gaa9ab9 gutentor-element gutentor-element-advanced-text\"><div class=\"gutentor-text-wrap\"><p class=\"gutentor-text\">Wir hoffen wirklich sehr fest, dass Du es Dir einrichten kannst, Gast an unserer Hochzeit zu sein. Wir freuen uns auf Dein Kommen. F\u00fcr die Planung des Anlasses sind wir froh um ein paar Angaben. Bitte melde Dich und Deine Familie an. <br><br>Wir werden Dich dann wieder kontaktieren f\u00fcr die Bekanntgabe weiterer Details. Falls Du Fragen oder spezielle Anliegen hast, so helfen wir Dir gerne weiter. Du kannst uns auch \u00fcber folgende M\u00f6glichkeiten direkt anrufen oder anschreiben: <br><br>Thierry Graf<br>+41 78 637 19 33 (auch per whatsapp m\u00f6glich)<br>info@cegenundthierry.ch<\/p><\/div><\/div>\n\n\n\n<hr class=\"wp-block-separator has-alpha-channel-opacity\"\/>\n\n\n\n<div id=\"section-g47619d\" class=\"wp-block-gutentor-e1 section-g47619d gutentor-element gutentor-element-advanced-text\"><div class=\"gutentor-text-wrap\"><p class=\"gutentor-text\">\n<div class=\"wpcf7 no-js\" id=\"wpcf7-f20-o1\" lang=\"de-DE\" dir=\"ltr\" data-wpcf7-id=\"20\">\n<div class=\"screen-reader-response\"><p role=\"status\" aria-live=\"polite\" aria-atomic=\"true\"><\/p> <ul><\/ul><\/div>\n<form action=\"\/index.php\/wp-json\/wp\/v2\/pages\/45#wpcf7-f20-o1\" method=\"post\" class=\"wpcf7-form init\" aria-label=\"Kontaktformular\" novalidate=\"novalidate\" data-status=\"init\">\n<fieldset class=\"hidden-fields-container\"><input type=\"hidden\" name=\"_wpcf7\" value=\"20\" \/><input type=\"hidden\" name=\"_wpcf7_version\" value=\"6.1.5\" \/><input type=\"hidden\" name=\"_wpcf7_locale\" value=\"de_DE\" \/><input type=\"hidden\" name=\"_wpcf7_unit_tag\" value=\"wpcf7-f20-o1\" \/><input type=\"hidden\" name=\"_wpcf7_container_post\" value=\"0\" \/><input type=\"hidden\" name=\"_wpcf7_posted_data_hash\" value=\"\" \/>\n<\/fieldset>\n<p><label> Dein Name<br \/>\n<span class=\"wpcf7-form-control-wrap\" data-name=\"your-name\"><input size=\"40\" maxlength=\"400\" class=\"wpcf7-form-control wpcf7-text wpcf7-validates-as-required\" autocomplete=\"name\" aria-required=\"true\" aria-invalid=\"false\" value=\"\" type=\"text\" name=\"your-name\" \/><\/span> <\/label>\n<\/p>\n<p><label> Deine E-Mail-Adresse<br \/>\n<span class=\"wpcf7-form-control-wrap\" data-name=\"your-email\"><input size=\"40\" maxlength=\"400\" class=\"wpcf7-form-control wpcf7-email wpcf7-validates-as-required wpcf7-text wpcf7-validates-as-email\" autocomplete=\"email\" aria-required=\"true\" aria-invalid=\"false\" value=\"\" type=\"email\" name=\"your-email\" \/><\/span> <\/label>\n<\/p>\n<p><label> Deine Telefonnummer<br \/>\n<span class=\"wpcf7-form-control-wrap\" data-name=\"your-phone\"><input size=\"40\" maxlength=\"400\" class=\"wpcf7-form-control wpcf7-tel wpcf7-validates-as-required wpcf7-text wpcf7-validates-as-tel\" autocomplete=\"phone\" aria-required=\"true\" aria-invalid=\"false\" value=\"\" type=\"tel\" name=\"your-phone\" \/><\/span> <\/label>\n<\/p>\n<p><label> Kannst Du teilnehmen? <\/label><br \/>\n<span class=\"wpcf7-form-control-wrap\" data-name=\"your-participation\"><span class=\"wpcf7-form-control wpcf7-checkbox wpcf7-validates-as-required wpcf7-exclusive-checkbox\"><span class=\"wpcf7-list-item first\"><label><input type=\"checkbox\" name=\"your-participation\" value=\"Ja\" \/><span class=\"wpcf7-list-item-label\">Ja<\/span><\/label><\/span><span class=\"wpcf7-list-item\"><label><input type=\"checkbox\" name=\"your-participation\" value=\"Nein\" \/><span class=\"wpcf7-list-item-label\">Nein<\/span><\/label><\/span><span class=\"wpcf7-list-item last\"><label><input type=\"checkbox\" name=\"your-participation\" value=\"Ich weiss nicht\" \/><span class=\"wpcf7-list-item-label\">Ich weiss nicht<\/span><\/label><\/span><\/span><\/span>\n<\/p>\n<p><label> Wieviele Erwachsene meldest Du an?<br \/>\n<span class=\"wpcf7-form-control-wrap\" data-name=\"your-number-a\"><select class=\"wpcf7-form-control wpcf7-select wpcf7-validates-as-required\" aria-required=\"true\" aria-invalid=\"false\" name=\"your-number-a\"><option value=\"1\">1<\/option><option value=\"2\">2<\/option><option value=\"3\">3<\/option><option value=\"4\">4<\/option><\/select><\/span> <\/label>\n<\/p>\n<p><label> Wieviele Kinder meldest Du an?<br \/>\n<span class=\"wpcf7-form-control-wrap\" data-name=\"your-number-c\"><select class=\"wpcf7-form-control wpcf7-select\" aria-invalid=\"false\" name=\"your-number-c\"><option value=\"0\">0<\/option><option value=\"1\">1<\/option><option value=\"2\">2<\/option><option value=\"3\">3<\/option><option value=\"4\">4<\/option><option value=\"5\">5<\/option><\/select><\/span> <\/label>\n<\/p>\n<p><label> Wen meldest Du noch an? (optional)<br \/>\n<span class=\"wpcf7-form-control-wrap\" data-name=\"your-family\"><input size=\"40\" maxlength=\"400\" class=\"wpcf7-form-control wpcf7-text\" aria-invalid=\"false\" value=\"\" type=\"text\" name=\"your-family\" \/><\/span> <\/label>\n<\/p>\n<p><label> Isst Du \/ Esst Ihr \u00e4thiopisch oder europ\u00e4isch? <\/label><br \/>\n<span class=\"wpcf7-form-control-wrap\" data-name=\"your-food\"><span class=\"wpcf7-form-control wpcf7-radio\"><span class=\"wpcf7-list-item first\"><label><input type=\"radio\" name=\"your-food\" value=\"\u00c4thiopisch\" checked=\"checked\" \/><span class=\"wpcf7-list-item-label\">\u00c4thiopisch<\/span><\/label><\/span><span class=\"wpcf7-list-item\"><label><input type=\"radio\" name=\"your-food\" value=\"Europ\u00e4isch\" \/><span class=\"wpcf7-list-item-label\">Europ\u00e4isch<\/span><\/label><\/span><span class=\"wpcf7-list-item last\"><label><input type=\"radio\" name=\"your-food\" value=\"Beides!\" \/><span class=\"wpcf7-list-item-label\">Beides!<\/span><\/label><\/span><\/span><\/span>\n<\/p>\n<p><label> Ich esse \/ Wir essen<br \/>\n<span class=\"wpcf7-form-control-wrap\" data-name=\"your-style\"><select class=\"wpcf7-form-control wpcf7-select\" aria-invalid=\"false\" name=\"your-style\"><option value=\"alles\">alles<\/option><option value=\"vegetarisch\">vegetarisch<\/option><option value=\"vegan\">vegan<\/option><option value=\"gemischt\">gemischt<\/option><\/select><\/span> <\/label>\n<\/p>\n<p><label> Bestehen Allergien oder Intoleranzen? (optional)<br \/>\n<span class=\"wpcf7-form-control-wrap\" data-name=\"your-allergy\"><input size=\"40\" maxlength=\"400\" class=\"wpcf7-form-control wpcf7-text\" aria-invalid=\"false\" value=\"\" type=\"text\" name=\"your-allergy\" \/><\/span> <\/label>\n<\/p>\n<p><label> Hast Du noch Fragen, W\u00fcnsche oder Anmerkungen? (optional)<br \/>\n<span class=\"wpcf7-form-control-wrap\" data-name=\"your-question\"><textarea cols=\"40\" rows=\"10\" maxlength=\"2000\" class=\"wpcf7-form-control wpcf7-textarea\" aria-invalid=\"false\" name=\"your-question\"><\/textarea><\/span> <\/label>\n<\/p>\n<p><input class=\"wpcf7-form-control wpcf7-submit has-spinner\" type=\"submit\" value=\"Senden\" \/>\n<\/p><p style=\"display: none !important;\" class=\"akismet-fields-container\" data-prefix=\"_wpcf7_ak_\"><label>&#916;<textarea name=\"_wpcf7_ak_hp_textarea\" cols=\"45\" rows=\"8\" maxlength=\"100\"><\/textarea><\/label><input type=\"hidden\" id=\"ak_js_1\" name=\"_wpcf7_ak_js\" value=\"11\"\/><script>document.getElementById( \"ak_js_1\" ).setAttribute( \"value\", ( new Date() ).getTime() );<\/script><\/p><div class=\"wpcf7-response-output\" aria-hidden=\"true\"><\/div>\n<\/form>\n<\/div>\n<\/p><\/div><\/div>\n","protected":false},"excerpt":{"rendered":"","protected":false},"author":1,"featured_media":0,"parent":0,"menu_order":0,"comment_status":"closed","ping_status":"closed","template":"template-fullwidth.php","meta":{"footnotes":""},"class_list":["post-45","page","type-page","status-publish","hentry"],"_links":{"self":[{"href":"https:\/\/cegenundthierry.ch\/index.php\/wp-json\/wp\/v2\/pages\/45","targetHints":{"allow":["GET"]}}],"collection":[{"href":"https:\/\/cegenundthierry.ch\/index.php\/wp-json\/wp\/v2\/pages"}],"about":[{"href":"https:\/\/cegenundthierry.ch\/index.php\/wp-json\/wp\/v2\/types\/page"}],"author":[{"embeddable":true,"href":"https:\/\/cegenundthierry.ch\/index.php\/wp-json\/wp\/v2\/users\/1"}],"replies":[{"embeddable":true,"href":"https:\/\/cegenundthierry.ch\/index.php\/wp-json\/wp\/v2\/comments?post=45"}],"version-history":[{"count":11,"href":"https:\/\/cegenundthierry.ch\/index.php\/wp-json\/wp\/v2\/pages\/45\/revisions"}],"predecessor-version":[{"id":544,"href":"https:\/\/cegenundthierry.ch\/index.php\/wp-json\/wp\/v2\/pages\/45\/revisions\/544"}],"wp:attachment":[{"href":"https:\/\/cegenundthierry.ch\/index.php\/wp-json\/wp\/v2\/media?parent=45"}],"curies":[{"name":"wp","href":"https:\/\/api.w.org\/{rel}","templated":true}]}}