{"id":88,"date":"2023-01-18T23:45:29","date_gmt":"2023-01-18T22:45:29","guid":{"rendered":"http:\/\/cegenundthierry.ch\/?page_id=88"},"modified":"2023-03-06T13:09:43","modified_gmt":"2023-03-06T12:09:43","slug":"anfahrt","status":"publish","type":"page","link":"https:\/\/cegenundthierry.ch\/index.php\/anfahrt\/","title":{"rendered":"Anfahrt"},"content":{"rendered":"\n<figure class=\"wp-block-image size-full is-resized\"><img decoding=\"async\" data-src=\"https:\/\/cegenundthierry.ch\/wp-content\/uploads\/2023\/01\/Hofgut_Aussen.jpg\" alt=\"\" class=\"wp-image-78 lazyload\" width=\"740\" height=\"493\" src=\"data:image\/svg+xml;base64,PHN2ZyB3aWR0aD0iMSIgaGVpZ2h0PSIxIiB4bWxucz0iaHR0cDovL3d3dy53My5vcmcvMjAwMC9zdmciPjwvc3ZnPg==\" style=\"--smush-placeholder-width: 740px; --smush-placeholder-aspect-ratio: 740\/493;\" \/><figcaption class=\"wp-element-caption\">Die Hochzeit findet auf dem Hofgut von H\u00fcnersdorff in W\u00f6rth am Main in Deutschland statt.<\/figcaption><\/figure>\n\n\n\n<h2 class=\"wp-block-heading\">Adresse<\/h2>\n\n\n\n<div id=\"section-g81106c\" class=\"wp-block-gutentor-e1 section-g81106c gutentor-element gutentor-element-advanced-text\"><div class=\"gutentor-text-wrap\"><p class=\"gutentor-text\">Hofgut von H\u00fcnersdorff<br>Landstrasse 42<br>63939 W\u00f6rth \/ Main<br>Deutschland<br><a href=\"https:\/\/www.huenersdorff.com\/\">Website besuchen<\/a><br><br><a href=\"https:\/\/goo.gl\/maps\/6mJGfRzKm4xkphS6A\">Karte<\/a><br><br>Das Hofgut von H\u00fcnersdorff ist sowohl mit dem Auto als auch mit der Bahn gut erreichbar. Es bietet ausreichend Parkpl\u00e4tze und liegt nur rund 200m vom Bahnhof W\u00f6rth (Main) entfernt. <\/p><\/div><\/div>\n\n\n\n<figure class=\"wp-block-image size-large\"><img decoding=\"async\" width=\"1024\" height=\"506\" data-src=\"https:\/\/cegenundthierry.ch\/wp-content\/uploads\/2023\/03\/Lageplan-Hofgut-1024x506.png\" alt=\"\" class=\"wp-image-360 lazyload\" data-srcset=\"https:\/\/cegenundthierry.ch\/wp-content\/uploads\/2023\/03\/Lageplan-Hofgut-1024x506.png 1024w, https:\/\/cegenundthierry.ch\/wp-content\/uploads\/2023\/03\/Lageplan-Hofgut-300x148.png 300w, https:\/\/cegenundthierry.ch\/wp-content\/uploads\/2023\/03\/Lageplan-Hofgut-768x380.png 768w, https:\/\/cegenundthierry.ch\/wp-content\/uploads\/2023\/03\/Lageplan-Hofgut.png 1094w\" data-sizes=\"(max-width: 1024px) 100vw, 1024px\" src=\"data:image\/svg+xml;base64,PHN2ZyB3aWR0aD0iMSIgaGVpZ2h0PSIxIiB4bWxucz0iaHR0cDovL3d3dy53My5vcmcvMjAwMC9zdmciPjwvc3ZnPg==\" style=\"--smush-placeholder-width: 1024px; --smush-placeholder-aspect-ratio: 1024\/506;\" \/><figcaption class=\"wp-element-caption\">1. Hofgut von H\u00fcnersdorff, 2. Parkpl\u00e4tze, 3. Bahnhof W\u00f6rth (Main)<\/figcaption><\/figure>\n\n\n\n<h2 class=\"wp-block-heading\">Anreise mit der Bahn<\/h2>\n\n\n\n<div id=\"section-g02e938\" class=\"wp-block-gutentor-e1 section-g02e938 gutentor-element gutentor-element-advanced-text\"><div class=\"gutentor-text-wrap\"><p class=\"gutentor-text\">Die Anreise mit der Bahn ist ab Wiesbaden, Frankfurt oder Basel SBB gut m\u00f6glich. Ankunft am Bahnhof W\u00f6rth (Main) ist meistens um :25 nach. M\u00f6gliche Ankunftszeiten am Samstag 13. Mai sind somit 11:25, 12:25 oder 13:25. <\/p><\/div><\/div>\n\n\n\n<h4 class=\"wp-block-heading\">Ab Wiesbaden<\/h4>\n\n\n\n<div id=\"section-g9b13ef\" class=\"wp-block-gutentor-e1 section-g9b13ef gutentor-element gutentor-element-advanced-text\"><div class=\"gutentor-text-wrap\"><p class=\"gutentor-text\">Die direkteste Verbindung ist <strong>Wiesbaden &#8211; Aschaffenburg &#8211; W\u00f6rth (Main)<\/strong>. Die Abfahrt ist st\u00fcndlich um :36. Beispiel: Wiesbaden ab 09:36, W\u00f6rth (Main) an 12:25. Reisezeit: 2h 49min, 1x umsteigen. <br><br>Weitere M\u00f6glichkeiten ab Wiesbaden f\u00fchren \u00fcber Frankfurt, Hanau oder R\u00fcsselsheim.<\/p><\/div><\/div>\n\n\n\n<section id=\"gm3fc1dc8\" class=\"wp-block-gutentor-m3 section-gm3fc1dc8 gutentor-module gutentor-container-cover\"><div class=\"grid-container\">\n<section id=\"gm5894c18\" class=\"wp-block-gutentor-m4 section-gm5894c18 gutentor-module gutentor-advanced-columns\"><div class=\"grid-container\"><div class=\"grid-row\">\n<div id=\"col-gm83fc84\" class=\"wp-block-gutentor-m4-col col-gm83fc84 gutentor-single-column  grid-lg-6 grid-md-12 grid-12\"><div id=\"section-gm83fc84\" class=\"section-gm83fc84 gutentor-col-wrap\">\n<div id=\"section-g7c6501\" class=\"wp-block-gutentor-e1 section-g7c6501 gutentor-element gutentor-element-advanced-text\"><div class=\"gutentor-text-wrap\"><p class=\"gutentor-text\"><strong>Wiesbaden &#8211; Frankfurt &#8211; Aschaffenburg &#8211; W\u00f6rth (Main)<\/strong><br>Reisezeit: 2h 37min, 2x umsteigen.<\/p><\/div><\/div>\n<\/div><\/div>\n\n\n\n<div id=\"col-gme5a64f\" class=\"wp-block-gutentor-m4-col col-gme5a64f gutentor-single-column  grid-lg-6 grid-md-12 grid-12\"><div id=\"section-gme5a64f\" class=\"section-gme5a64f gutentor-col-wrap\">\n<div id=\"section-g39d0fa\" class=\"wp-block-gutentor-e1 section-g39d0fa gutentor-element gutentor-element-advanced-text\"><div class=\"gutentor-text-wrap\"><p class=\"gutentor-text\">Abfahrt st\u00fcndlich. Beispiel: Abfahrt 09:48 &#8211; Ankunft 11:25. <\/p><\/div><\/div>\n<\/div><\/div>\n<\/div><\/div><\/section>\n\n\n\n<hr class=\"wp-block-separator has-alpha-channel-opacity\" \/>\n\n\n\n<section id=\"gm57c85ae\" class=\"wp-block-gutentor-m4 section-gm57c85ae gutentor-module gutentor-advanced-columns\"><div class=\"grid-container\"><div class=\"grid-row\">\n<div id=\"col-gmfa7389\" class=\"wp-block-gutentor-m4-col col-gmfa7389 gutentor-single-column  grid-lg-6 grid-md-12 grid-12\"><div id=\"section-gmfa7389\" class=\"section-gmfa7389 gutentor-col-wrap\">\n<div id=\"section-g96bd7e\" class=\"wp-block-gutentor-e1 section-g96bd7e gutentor-element gutentor-element-advanced-text\"><div class=\"gutentor-text-wrap\"><p class=\"gutentor-text\"><strong>Wiesbaden &#8211; Frankfurt &#8211; Hanau &#8211; Aschaffenburg &#8211; W\u00f6rth (Main)<\/strong><br>Reisezeit: 2h 20min, 3x umsteigen.<\/p><\/div><\/div>\n<\/div><\/div>\n\n\n\n<div id=\"col-gm04f659\" class=\"wp-block-gutentor-m4-col col-gm04f659 gutentor-single-column  grid-lg-6 grid-md-12 grid-12\"><div id=\"section-gm04f659\" class=\"section-gm04f659 gutentor-col-wrap\">\n<div id=\"section-g092b21\" class=\"wp-block-gutentor-e1 section-g092b21 gutentor-element gutentor-element-advanced-text\"><div class=\"gutentor-text-wrap\"><p class=\"gutentor-text\">Abfahrt 2-st\u00fcndlich. Beispiel: Abfahrt 09:05 &#8211; Ankunft 11:25. <\/p><\/div><\/div>\n<\/div><\/div>\n<\/div><\/div><\/section>\n\n\n\n<hr class=\"wp-block-separator has-alpha-channel-opacity\" \/>\n\n\n\n<section id=\"gmde01430\" class=\"wp-block-gutentor-m4 section-gmde01430 gutentor-module gutentor-advanced-columns\"><div class=\"grid-container\"><div class=\"grid-row\">\n<div id=\"col-gm04aaca\" class=\"wp-block-gutentor-m4-col col-gm04aaca gutentor-single-column  grid-lg-6 grid-md-12 grid-12\"><div id=\"section-gm04aaca\" class=\"section-gm04aaca gutentor-col-wrap\">\n<div id=\"section-gb73b4f\" class=\"wp-block-gutentor-e1 section-gb73b4f gutentor-element gutentor-element-advanced-text\"><div class=\"gutentor-text-wrap\"><p class=\"gutentor-text\"><strong>Wiesbaden &#8211; R\u00fcsselsheim &#8211; Aschaffenburg &#8211; W\u00f6rth (Main)<\/strong><br>Reisezeit: 2h 16min, 2x umsteigen.<\/p><\/div><\/div>\n<\/div><\/div>\n\n\n\n<div id=\"col-gmedb2ed\" class=\"wp-block-gutentor-m4-col col-gmedb2ed gutentor-single-column  grid-lg-6 grid-md-12 grid-12\"><div id=\"section-gmedb2ed\" class=\"section-gmedb2ed gutentor-col-wrap\">\n<div id=\"section-ge33c28\" class=\"wp-block-gutentor-e1 section-ge33c28 gutentor-element gutentor-element-advanced-text\"><div class=\"gutentor-text-wrap\"><p class=\"gutentor-text\">Abfahrt st\u00fcndlich. Beispiel: Abfahrt 10:09 &#8211; Ankunft 11:25. <\/p><\/div><\/div>\n<\/div><\/div>\n<\/div><\/div><\/section>\n<\/div><\/section>\n\n\n\n<h4 class=\"wp-block-heading\">Ab Frankfurt<\/h4>\n\n\n\n<div id=\"section-g6974ee\" class=\"wp-block-gutentor-e1 section-g6974ee gutentor-element gutentor-element-advanced-text\"><div class=\"gutentor-text-wrap\"><p class=\"gutentor-text\">Die direkteste Verbindung ist <strong>Frankfurt &#8211; Aschaffenburg &#8211; W\u00f6rth (Main)<\/strong>. Die Abfahrt ist st\u00fcndlich um :53. Beispiel: Frankfurt (Main) Hbf ab 10:53, W\u00f6rth (Main) an 12:25. Reisezeit: 1h 32min, 1x umsteigen.<\/p><\/div><\/div>\n\n\n\n<h4 class=\"wp-block-heading\">Ab Basel SBB<\/h4>\n\n\n\n<div id=\"section-g2a9e46\" class=\"wp-block-gutentor-e1 section-g2a9e46 gutentor-element gutentor-element-advanced-text\"><div class=\"gutentor-text-wrap\"><p class=\"gutentor-text\">Ab Basel SBB bestehen folgende M\u00f6glichkeiten:<\/p><\/div><\/div>\n\n\n\n<section id=\"gmade4653\" class=\"wp-block-gutentor-m3 section-gmade4653 gutentor-module gutentor-container-cover\"><div class=\"grid-container\">\n<section id=\"gm7e95c30\" class=\"wp-block-gutentor-m4 section-gm7e95c30 gutentor-module gutentor-advanced-columns\"><div class=\"grid-container\"><div class=\"grid-row\">\n<div id=\"col-gm61c421\" class=\"wp-block-gutentor-m4-col col-gm61c421 gutentor-single-column  grid-lg-6 grid-md-12 grid-12\"><div id=\"section-gm61c421\" class=\"section-gm61c421 gutentor-col-wrap\">\n<div id=\"section-g22dec2\" class=\"wp-block-gutentor-e1 section-g22dec2 gutentor-element gutentor-element-advanced-text\"><div class=\"gutentor-text-wrap\"><p class=\"gutentor-text\"><strong>Basel SBB &#8211; Hanau &#8211; Aschaffenburg &#8211; W\u00f6rth (Main)<\/strong><br>Reisezeit: 4h 19min, 2x umsteigen.<\/p><\/div><\/div>\n<\/div><\/div>\n\n\n\n<div id=\"col-gm834ad3\" class=\"wp-block-gutentor-m4-col col-gm834ad3 gutentor-single-column  grid-lg-6 grid-md-12 grid-12\"><div id=\"section-gm834ad3\" class=\"section-gm834ad3 gutentor-col-wrap\">\n<div id=\"section-g4e2181\" class=\"wp-block-gutentor-e1 section-g4e2181 gutentor-element gutentor-element-advanced-text\"><div class=\"gutentor-text-wrap\"><p class=\"gutentor-text\"><strong>Anreise am Samstag, 13. Mai<\/strong><br>Beispiel: Abfahrt 07:06 &#8211; Ankunft 11:25. <br><br>Sp\u00e4tere Verbindung: Abfahrt 09:06 &#8211; Ankunft 13:25. <br><br><strong>Anreise am Freitag, 12. Mai <\/strong><br>Abfahrt 13:06 &#8211; Ankunft 17:25<br>Abfahrt 15:06 &#8211; Ankunft 19:25<br>Abfahrt 17:07 &#8211; Ankunft 21:22<\/p><\/div><\/div>\n<\/div><\/div>\n<\/div><\/div><\/section>\n\n\n\n<hr class=\"wp-block-separator has-alpha-channel-opacity\" \/>\n\n\n\n<section id=\"gmc93ceed\" class=\"wp-block-gutentor-m4 section-gmc93ceed gutentor-module gutentor-advanced-columns\"><div class=\"grid-container\"><div class=\"grid-row\">\n<div id=\"col-gmb93805\" class=\"wp-block-gutentor-m4-col col-gmb93805 gutentor-single-column  grid-lg-6 grid-md-12 grid-12\"><div id=\"section-gmb93805\" class=\"section-gmb93805 gutentor-col-wrap\">\n<div id=\"section-ge9b415\" class=\"wp-block-gutentor-e1 section-ge9b415 gutentor-element gutentor-element-advanced-text\"><div class=\"gutentor-text-wrap\"><p class=\"gutentor-text\"><strong>Basel SBB &#8211; Frankfurt Flughafen &#8211; Aschaffenburg &#8211; W\u00f6rth (Main)<\/strong><br>Reisezeit: 5h 12min, 2x umsteigen.<\/p><\/div><\/div>\n<\/div><\/div>\n\n\n\n<div id=\"col-gm542dcd\" class=\"wp-block-gutentor-m4-col col-gm542dcd gutentor-single-column  grid-lg-6 grid-md-12 grid-12\"><div id=\"section-gm542dcd\" class=\"section-gm542dcd gutentor-col-wrap\">\n<div id=\"section-g4bbdc4\" class=\"wp-block-gutentor-e1 section-g4bbdc4 gutentor-element gutentor-element-advanced-text\"><div class=\"gutentor-text-wrap\"><p class=\"gutentor-text\"><strong>Anreise am Samstag, 13. Mai<\/strong><br>Beispiel: Abfahrt 07:13 &#8211; Ankunft 12:25. <br><br><strong>Anreise am Freitag, 12. Mai <\/strong><br>Abfahrt 11:13 &#8211; Ankunft 16:25<br>Abfahrt 13:13 &#8211; Ankunft 18:25<\/p><\/div><\/div>\n<\/div><\/div>\n<\/div><\/div><\/section>\n\n\n\n<hr class=\"wp-block-separator has-alpha-channel-opacity\" \/>\n\n\n\n<section id=\"gmc457bc8\" class=\"wp-block-gutentor-m4 section-gmc457bc8 gutentor-module gutentor-advanced-columns\"><div class=\"grid-container\"><div class=\"grid-row\">\n<div id=\"col-gm713524\" class=\"wp-block-gutentor-m4-col col-gm713524 gutentor-single-column  grid-lg-6 grid-md-12 grid-12\"><div id=\"section-gm713524\" class=\"section-gm713524 gutentor-col-wrap\">\n<div id=\"section-g802f3d\" class=\"wp-block-gutentor-e1 section-g802f3d gutentor-element gutentor-element-advanced-text\"><div class=\"gutentor-text-wrap\"><p class=\"gutentor-text\"><strong>Basel SBB &#8211; Frankfurt (Main) Hbf &#8211; Aschaffenburg &#8211; W\u00f6rth (Main)<\/strong><br>Reisezeit: 4h 47min, 2x umsteigen<br><\/p><\/div><\/div>\n<\/div><\/div>\n\n\n\n<div id=\"col-gm979bc5\" class=\"wp-block-gutentor-m4-col col-gm979bc5 gutentor-single-column  grid-lg-6 grid-md-12 grid-12\"><div id=\"section-gm979bc5\" class=\"section-gm979bc5 gutentor-col-wrap\">\n<div id=\"section-g8829de\" class=\"wp-block-gutentor-e1 section-g8829de gutentor-element gutentor-element-advanced-text\"><div class=\"gutentor-text-wrap\"><p class=\"gutentor-text\"><strong>Anreise am Freitag, 12. Mai<\/strong><br>Abfahrt 15:38 &#8211; Ankunft 20:25<\/p><\/div><\/div>\n<\/div><\/div>\n<\/div><\/div><\/section>\n<\/div><\/section>\n\n\n\n<h2 class=\"wp-block-heading\">Anreise mit dem Auto<\/h2>\n\n\n\n<h4 class=\"wp-block-heading\">Aus der Schweiz<\/h4>\n\n\n\n<div id=\"section-gcb1b41\" class=\"wp-block-gutentor-e1 section-gcb1b41 gutentor-element gutentor-element-advanced-text\"><div class=\"gutentor-text-wrap\"><p class=\"gutentor-text\">Aus der Schweiz gibt es ab Grenz\u00fcbergang Basel\/Weil am Rhein zwei M\u00f6glichkeiten. \u00dcber <strong>Frankfurt <\/strong>sind es 379km und ca. 3.5 Stunden Fahrt. Alternativ kann ab <strong>Heidelberg der Landweg<\/strong> \u00fcber Erbach im Odenwald gew\u00e4hlt werden. Dieser Weg ist nur 325km lang und dauert ca. 3h 40min. <\/p><\/div><\/div>\n\n\n\n<section id=\"gm4defd9b\" class=\"wp-block-gutentor-m3 section-gm4defd9b gutentor-module gutentor-container-cover\"><div class=\"grid-container\">\n<section id=\"gmb26b650\" class=\"wp-block-gutentor-m4 section-gmb26b650 gutentor-module gutentor-advanced-columns\"><div class=\"grid-container\"><div class=\"grid-row\">\n<div id=\"col-gmdbd538\" class=\"wp-block-gutentor-m4-col col-gmdbd538 gutentor-single-column  grid-lg-6 grid-md-12 grid-12\"><div id=\"section-gmdbd538\" class=\"section-gmdbd538 gutentor-col-wrap\">\n<div id=\"section-g5095c3\" class=\"wp-block-gutentor-e1 section-g5095c3 gutentor-element gutentor-element-advanced-text\"><div class=\"gutentor-text-wrap\"><p class=\"gutentor-text\"><strong>\u00dcber Frankfurt<\/strong><\/p><\/div><\/div>\n<\/div><\/div>\n\n\n\n<div id=\"col-gm7a77b2\" class=\"wp-block-gutentor-m4-col col-gm7a77b2 gutentor-single-column  grid-lg-6 grid-md-12 grid-12\"><div id=\"section-gm7a77b2\" class=\"section-gm7a77b2 gutentor-col-wrap\">\n<div id=\"section-g151e6c\" class=\"wp-block-gutentor-e1 section-g151e6c gutentor-element gutentor-element-advanced-text\"><div class=\"gutentor-text-wrap\"><p class=\"gutentor-text\">Ab dem Grenz\u00fcbergang Basel\/Weil am Rhein die A5 in Richtung Karlsruhe, Heidelberg, Darmstadt, Frankfurt am Main nehmen. <br><br>Am Frankfurter Kreuz auf die A3 Richtung M\u00fcnchen\/W\u00fcrzburg\/Offenbach\/F-S\u00fcd wechseln. <br><br>Bei Ausfahrt 57-58-Aschaffenburg-Stockstadt auf B8 in Richtung Mainaschaff\/Kleinostheim fahren, rechts halten, weiter auf Ausfahrt 57 und auf B469 fahren. <br><br>Ausfahrt Richtung L\u00fctzelbach\/Seckmauern\/W\u00f6rth-Nord nehmen.<\/p><\/div><\/div>\n<\/div><\/div>\n<\/div><\/div><\/section>\n\n\n\n<hr class=\"wp-block-separator has-alpha-channel-opacity\" \/>\n\n\n\n<section id=\"gm8af1fbe\" class=\"wp-block-gutentor-m4 section-gm8af1fbe gutentor-module gutentor-advanced-columns\"><div class=\"grid-container\"><div class=\"grid-row\">\n<div id=\"col-gm3bb3f3\" class=\"wp-block-gutentor-m4-col col-gm3bb3f3 gutentor-single-column  grid-lg-6 grid-md-12 grid-12\"><div id=\"section-gm3bb3f3\" class=\"section-gm3bb3f3 gutentor-col-wrap\">\n<div id=\"section-g4f940a\" class=\"wp-block-gutentor-e1 section-g4f940a gutentor-element gutentor-element-advanced-text\"><div class=\"gutentor-text-wrap\"><p class=\"gutentor-text\"><strong>Landweg ab Heidelberg<\/strong><\/p><\/div><\/div>\n<\/div><\/div>\n\n\n\n<div id=\"col-gm47b4a8\" class=\"wp-block-gutentor-m4-col col-gm47b4a8 gutentor-single-column  grid-lg-6 grid-md-12 grid-12\"><div id=\"section-gm47b4a8\" class=\"section-gm47b4a8 gutentor-col-wrap\">\n<div id=\"section-g692bff\" class=\"wp-block-gutentor-e1 section-g692bff gutentor-element gutentor-element-advanced-text\"><div class=\"gutentor-text-wrap\"><p class=\"gutentor-text\">Ab dem Grenz\u00fcbergang Basel\/Weil am Rhein die A5 in Richtung Karlsruhe, Heidelberg nehmen.<br><br>Am Kreuz Heidelberg abfahren auf die A656 Richtung Heidelberg um dann auf der B37 bis zur Kreuzung Friedensbr\u00fccke zu fahren. <br><br>Dort auf der B45 \u00fcber Erbach im Odenwald bis nach W\u00f6rth am Main fahren.<\/p><\/div><\/div>\n<\/div><\/div>\n<\/div><\/div><\/section>\n<\/div><\/section>\n\n\n\n<figure class=\"wp-block-image size-large\"><img decoding=\"async\" width=\"1024\" height=\"571\" data-src=\"http:\/\/cegenundthierry.ch\/wp-content\/uploads\/2023\/01\/CuT_Zufahrt-1024x571.png\" alt=\"\" class=\"wp-image-80 lazyload\" data-srcset=\"https:\/\/cegenundthierry.ch\/wp-content\/uploads\/2023\/01\/CuT_Zufahrt-1024x571.png 1024w, https:\/\/cegenundthierry.ch\/wp-content\/uploads\/2023\/01\/CuT_Zufahrt-300x167.png 300w, https:\/\/cegenundthierry.ch\/wp-content\/uploads\/2023\/01\/CuT_Zufahrt-768x428.png 768w, https:\/\/cegenundthierry.ch\/wp-content\/uploads\/2023\/01\/CuT_Zufahrt.png 1470w\" data-sizes=\"(max-width: 1024px) 100vw, 1024px\" src=\"data:image\/svg+xml;base64,PHN2ZyB3aWR0aD0iMSIgaGVpZ2h0PSIxIiB4bWxucz0iaHR0cDovL3d3dy53My5vcmcvMjAwMC9zdmciPjwvc3ZnPg==\" style=\"--smush-placeholder-width: 1024px; --smush-placeholder-aspect-ratio: 1024\/571;\" \/><figcaption class=\"wp-element-caption\"><a href=\"https:\/\/cegenundthierry.ch\/wp-content\/uploads\/2023\/03\/hvh_anfahrt_2014.pdf\" data-type=\"attachment\" data-id=\"367\" target=\"_blank\" rel=\"noreferrer noopener\">Lageplan als PDF herunterladen<\/a><\/figcaption><\/figure>\n","protected":false},"excerpt":{"rendered":"<p>Adresse Anreise mit der Bahn Ab Wiesbaden Ab Frankfurt Ab Basel SBB Anreise mit dem Auto Aus der Schweiz<\/p>\n","protected":false},"author":1,"featured_media":0,"parent":0,"menu_order":0,"comment_status":"closed","ping_status":"closed","template":"template-fullwidth.php","meta":{"footnotes":""},"class_list":["post-88","page","type-page","status-publish","hentry"],"_links":{"self":[{"href":"https:\/\/cegenundthierry.ch\/index.php\/wp-json\/wp\/v2\/pages\/88","targetHints":{"allow":["GET"]}}],"collection":[{"href":"https:\/\/cegenundthierry.ch\/index.php\/wp-json\/wp\/v2\/pages"}],"about":[{"href":"https:\/\/cegenundthierry.ch\/index.php\/wp-json\/wp\/v2\/types\/page"}],"author":[{"embeddable":true,"href":"https:\/\/cegenundthierry.ch\/index.php\/wp-json\/wp\/v2\/users\/1"}],"replies":[{"embeddable":true,"href":"https:\/\/cegenundthierry.ch\/index.php\/wp-json\/wp\/v2\/comments?post=88"}],"version-history":[{"count":39,"href":"https:\/\/cegenundthierry.ch\/index.php\/wp-json\/wp\/v2\/pages\/88\/revisions"}],"predecessor-version":[{"id":534,"href":"https:\/\/cegenundthierry.ch\/index.php\/wp-json\/wp\/v2\/pages\/88\/revisions\/534"}],"wp:attachment":[{"href":"https:\/\/cegenundthierry.ch\/index.php\/wp-json\/wp\/v2\/media?parent=88"}],"curies":[{"name":"wp","href":"https:\/\/api.w.org\/{rel}","templated":true}]}}