{"id":90,"date":"2023-01-18T23:45:47","date_gmt":"2023-01-18T22:45:47","guid":{"rendered":"http:\/\/cegenundthierry.ch\/?page_id=90"},"modified":"2023-03-11T12:36:41","modified_gmt":"2023-03-11T11:36:41","slug":"unterkunft","status":"publish","type":"page","link":"https:\/\/cegenundthierry.ch\/index.php\/unterkunft\/","title":{"rendered":"Unterkunft"},"content":{"rendered":"\n<figure class=\"wp-block-image size-full\"><img decoding=\"async\" width=\"1000\" height=\"750\" data-src=\"https:\/\/cegenundthierry.ch\/wp-content\/uploads\/2023\/03\/altes-hotelschild-leuchtreklame.jpg\" alt=\"\" class=\"wp-image-513 lazyload\" data-srcset=\"https:\/\/cegenundthierry.ch\/wp-content\/uploads\/2023\/03\/altes-hotelschild-leuchtreklame.jpg 1000w, https:\/\/cegenundthierry.ch\/wp-content\/uploads\/2023\/03\/altes-hotelschild-leuchtreklame-300x225.jpg 300w, https:\/\/cegenundthierry.ch\/wp-content\/uploads\/2023\/03\/altes-hotelschild-leuchtreklame-768x576.jpg 768w\" data-sizes=\"(max-width: 1000px) 100vw, 1000px\" src=\"data:image\/svg+xml;base64,PHN2ZyB3aWR0aD0iMSIgaGVpZ2h0PSIxIiB4bWxucz0iaHR0cDovL3d3dy53My5vcmcvMjAwMC9zdmciPjwvc3ZnPg==\" style=\"--smush-placeholder-width: 1000px; --smush-placeholder-aspect-ratio: 1000\/750;\" \/><\/figure>\n\n\n\n<h2 class=\"wp-block-heading\">Verf\u00fcgbare Unterk\u00fcnfte<\/h2>\n\n\n\n<div id=\"section-geddfcc\" class=\"wp-block-gutentor-e1 section-geddfcc gutentor-element gutentor-element-advanced-text\"><div class=\"gutentor-text-wrap\"><p class=\"gutentor-text\">In W\u00f6rth am Main selber befinden sich nur wenige Unterk\u00fcnfte. Die meisten liegen im benachbarten Ort Obernburg, 10 Minuten Autofahrt entfernt. Um die Suche nach Unterk\u00fcnften einfach zu gestalten, haben wir in Hotels in Obernburg, wo m\u00f6glich, Zimmerkontingente gebucht. Ein Shuttle f\u00fchrt euch dann bequem zum Hofgut von H\u00fcnersdorff und auch wieder zur\u00fcck ins Hotel nach Obernburg. Folgende Hotels empfehlen wir zur Buchung.<br><br><strong>Vorgehen<\/strong><br>W\u00e4hle Dir ein Hotel aus und melde Dich dort direkt per E-Mail oder \u00fcber das Formular zur Zimmerbuchung (siehe Links unten). Bitte bei der Anmeldung beim Hotel angeben, dass Du zur Hochzeitsgesellschaft &#8222;Graf&#8220; oder zur &#8222;Hochzeit am 13. Mai&#8220; geh\u00f6rst. Falls Du unsicher bist, melde Dich direkt bei uns. <\/p><\/div><\/div>\n\n\n\n<h4 class=\"wp-block-heading\"><strong>Gottwalds Inn<\/strong><\/h4>\n\n\n\n<div id=\"section-geded8b\" class=\"wp-block-gutentor-e1 section-geded8b gutentor-element gutentor-element-advanced-text\"><div class=\"gutentor-text-wrap\"><p class=\"gutentor-text\">Gesamthaft stehen 26 Doppelzimmer und 2 Einzelzimmer zur Verf\u00fcgung. <br>o&nbsp;&nbsp; 16 Doppelzimmer zu \u20ac 129.- \/ Nacht<br>o&nbsp;&nbsp; 5 Doppelzimmer Business zu \u20ac 139.- \/ Nacht<br>o&nbsp;&nbsp; 5 Doppelzimmer Business Plus zu \u20ac169.- \/ Nacht<br>o&nbsp;&nbsp; 2 Einzelzimmer zu \u20ac 119.- \/ Nacht<br>Zustellbetten und Babybetten k\u00f6nnen nach Verf\u00fcgbarkeit dazugebucht werden.<br>Kontingentierung bis 15. April.<br><a rel=\"noreferrer noopener\" href=\"https:\/\/gottwalds-inn.de\/\" target=\"_blank\">Hotelwebsite<\/a><br><a rel=\"noreferrer noopener\" href=\"https:\/\/gottwalds-inn.de\/kontakt\/\" target=\"_blank\">Formular Zimmerbuchung<\/a><\/p><\/div><\/div>\n\n\n\n<h4 class=\"wp-block-heading\"><strong>Hotel Karpfen<\/strong><\/h4>\n\n\n\n<div id=\"section-g363c62\" class=\"wp-block-gutentor-e1 section-g363c62 gutentor-element gutentor-element-advanced-text\"><div class=\"gutentor-text-wrap\"><p class=\"gutentor-text\">Gesamthaft stehen 16 Doppelzimmer zur Verf\u00fcgung. <br>Zustellbetten und Babybetten k\u00f6nnen nach Verf\u00fcgbarkeit dazugebucht werden.<br>Kontingentierung bis 15. April.<br><a rel=\"noreferrer noopener\" href=\"https:\/\/www.hotel-karpfen.de\/\" target=\"_blank\">Hotelwebsite<\/a><br><a rel=\"noreferrer noopener\" href=\"https:\/\/www.hotel-karpfen.de\/de\/contact-us.html\" target=\"_blank\">Formular Zimmerbuchung<\/a><\/p><\/div><\/div>\n\n\n\n<h4 class=\"wp-block-heading\"><strong>Landgasthaus Hotel R\u00f6merhof<\/strong><\/h4>\n\n\n\n<div id=\"section-ga686cd\" class=\"wp-block-gutentor-e1 section-ga686cd gutentor-element gutentor-element-advanced-text\"><div class=\"gutentor-text-wrap\"><p class=\"gutentor-text\">Gesamthaft stehen 13 Doppelzimmer und 1 Einzelzimmer zur Verf\u00fcgung.<br>o   5 Doppelzimmer \u00abStandard\u00bb zu \u20ac 92.- \/ Nacht<br>o   1 Einzelzimmer &#8222;Standard&#8220; zu \u20ac 69.- \/ Nacht<br>o   8 Doppelzimmer \u00abEconomy\u00bb zu \u20ac 82.- \/ Nacht<br>Zustellbetten und Babybetten k\u00f6nnen nach Verf\u00fcgbarkeit dazugebucht werden.<br>Keine Kontingentierung m\u00f6glich. <br><a rel=\"noreferrer noopener\" href=\"https:\/\/roemerhof.de\/de\/\" target=\"_blank\">Hotelwebsite<\/a><br><a rel=\"noreferrer noopener\" href=\"https:\/\/roemerhof.de\/de\/hotel\/reservierung\" target=\"_blank\">Formular Zimmerbuchung<\/a><\/p><\/div><\/div>\n\n\n\n<div id=\"block-8a0eef-f78b-48\" class=\"wp-block-gutenbee-icon block-8a0eef-f78b-48 gutenbee-icon-block align-center gutenbee-icon-block-default\"><style>.gutenbee-icon-block.block-8a0eef-f78b-48 .gutenbee-icon-block-icon-wrap { font-size: 100px; }\n.gutenbee-icon-block.block-8a0eef-f78b-48 svg { width: 100px; height: 100px; }<\/style><span class=\"gutenbee-icon-block-icon-wrap\" style=\"background-color:transparent;border-color:transparent;width:auto;height:auto;border-width:3px\"><svg viewBox=\"0 0 20 24\" class=\"wp-block-gutenbee-icon-icon\" preserveAspectRatio=\"xMidYMid meet\"><path fill=\"#5c6671\" d=\"M19.603 2.011l-9.5-2a.473.473 0 00-.205 0l-9.5 2a.5.5 0 00-.397.489v2a.5.5 0 00.603.489l.397-.084v17.094c0 1.103.897 2 2 2h14c1.103 0 2-.897 2-2V4.905l.397.084A.469.469 0 0019.5 5h.001a.5.5 0 00.5-.5v-2a.5.5 0 00-.397-.489zM5 23v-5h3v5H5zm13-1c0 .551-.448 1-1 1H9v-5.5a.5.5 0 00-.5-.5h-4a.5.5 0 00-.5.5V23H3c-.552 0-1-.449-1-1V4.695l8-1.684 8 1.684V22zm1-18.116l-8.897-1.873a.5.5 0 00-.206 0L1 3.884v-.978l9-1.895 9 1.895v.978zM8.5 5h-4a.5.5 0 00-.5.5v4a.5.5 0 00.5.5h4a.5.5 0 00.5-.5v-4a.5.5 0 00-.5-.5zM8 9H5V6h3v3zm3.5 1h4a.5.5 0 00.5-.5v-4a.5.5 0 00-.5-.5h-4a.5.5 0 00-.5.5v4a.5.5 0 00.5.5zm.5-4h3v3h-3V6zm-3.5 5h-4a.5.5 0 00-.5.5v4a.5.5 0 00.5.5h4a.5.5 0 00.5-.5v-4a.5.5 0 00-.5-.5zM8 15H5v-3h3v3zm3.5 1h4a.5.5 0 00.5-.5v-4a.5.5 0 00-.5-.5h-4a.5.5 0 00-.5.5v4a.5.5 0 00.5.5zm.5-4h3v3h-3v-3zm-.5 10h4a.5.5 0 00.5-.5v-4a.5.5 0 00-.5-.5h-4a.5.5 0 00-.5.5v4a.5.5 0 00.5.5zm.5-4h3v3h-3v-3z\"><\/path><\/svg><\/span><\/div>\n\n\n\n<h2 class=\"wp-block-heading\">Pensionen, Boardingh\u00e4user und AirBnBs<\/h2>\n\n\n\n<div id=\"section-gcf32b9\" class=\"wp-block-gutentor-e1 section-gcf32b9 gutentor-element gutentor-element-advanced-text\"><div class=\"gutentor-text-wrap\"><p class=\"gutentor-text\">Weitere Informationen folgen. <\/p><\/div><\/div>\n\n\n\n<div id=\"block-6c01ce-bd09-41\" class=\"wp-block-gutenbee-icon block-6c01ce-bd09-41 gutenbee-icon-block align-center gutenbee-icon-block-default\"><style>.gutenbee-icon-block.block-6c01ce-bd09-41 .gutenbee-icon-block-icon-wrap { font-size: 100px; }\n.gutenbee-icon-block.block-6c01ce-bd09-41 svg { width: 100px; height: 100px; }<\/style><span class=\"gutenbee-icon-block-icon-wrap\" style=\"background-color:transparent;border-color:transparent;width:auto;height:auto;border-width:3px\"><svg viewBox=\"0 0 24 24\" class=\"wp-block-gutenbee-icon-icon\" preserveAspectRatio=\"xMidYMid meet\"><path fill=\"#5c6671\" d=\"M21.5 4H21V2c0-1.103-.897-2-2-2H5C3.897 0 3 .897 3 2v2h-.5A2.503 2.503 0 000 6.5v1C0 8.327.673 9 1.5 9H3v11c0 .737.405 1.375 1 1.722V22c0 1.103.897 2 2 2s2-.897 2-2h8c0 1.103.897 2 2 2s2-.897 2-2v-.278c.595-.347 1-.985 1-1.722V9h1.5c.827 0 1.5-.673 1.5-1.5v-1C24 5.122 22.878 4 21.5 4zm-20 4a.5.5 0 01-.5-.5v-1C1 5.673 1.673 5 2.5 5H3v3H1.5zM6 23c-.551 0-1-.449-1-1h2c0 .551-.449 1-1 1zm12 0c-.551 0-1-.449-1-1h2c0 .551-.449 1-1 1zm2-3c0 .551-.449 1-1 1H5c-.551 0-1-.449-1-1V2c0-.551.449-1 1-1h14c.551 0 1 .449 1 1v18zm3-12.5a.5.5 0 01-.5.5H21V5h.5c.827 0 1.5.673 1.5 1.5v1zM10.5 18a.5.5 0 010-1h3a.5.5 0 010 1h-3zm4 1.5a.5.5 0 01-.5.5h-4a.5.5 0 010-1h4a.5.5 0 01.5.5zM7 16c-1.103 0-2 .897-2 2s.897 2 2 2 2-.897 2-2-.897-2-2-2zm0 3c-.551 0-1-.449-1-1s.449-1 1-1 1 .449 1 1-.449 1-1 1zm10-3c-1.103 0-2 .897-2 2s.897 2 2 2 2-.897 2-2-.897-2-2-2zm0 3c-.551 0-1-.449-1-1s.449-1 1-1 1 .449 1 1-.449 1-1 1zm1.5-15h-13a.5.5 0 00-.5.5v9c0 1.305 4.386 1.5 7 1.5s7-.195 7-1.5v-9a.5.5 0 00-.5-.5zm-.5 9.346c-.467.252-2.5.654-6 .654s-5.533-.402-6-.654V5h12v8.346z\"><\/path><\/svg><\/span><\/div>\n\n\n\n<h2 class=\"wp-block-heading\">Shuttle Service<\/h2>\n\n\n\n<div id=\"section-g70e502\" class=\"wp-block-gutentor-e1 section-g70e502 gutentor-element gutentor-element-advanced-text\"><div class=\"gutentor-text-wrap\"><p class=\"gutentor-text\">Weitere Informationen folgen. <\/p><\/div><\/div>\n","protected":false},"excerpt":{"rendered":"<p>Verf\u00fcgbare Unterk\u00fcnfte Gottwalds Inn Hotel Karpfen Landgasthaus Hotel R\u00f6merhof Pensionen, Boardingh\u00e4user und AirBnBs Shuttle Service<\/p>\n","protected":false},"author":1,"featured_media":0,"parent":0,"menu_order":0,"comment_status":"closed","ping_status":"closed","template":"template-fullwidth.php","meta":{"footnotes":""},"class_list":["post-90","page","type-page","status-publish","hentry"],"_links":{"self":[{"href":"https:\/\/cegenundthierry.ch\/index.php\/wp-json\/wp\/v2\/pages\/90","targetHints":{"allow":["GET"]}}],"collection":[{"href":"https:\/\/cegenundthierry.ch\/index.php\/wp-json\/wp\/v2\/pages"}],"about":[{"href":"https:\/\/cegenundthierry.ch\/index.php\/wp-json\/wp\/v2\/types\/page"}],"author":[{"embeddable":true,"href":"https:\/\/cegenundthierry.ch\/index.php\/wp-json\/wp\/v2\/users\/1"}],"replies":[{"embeddable":true,"href":"https:\/\/cegenundthierry.ch\/index.php\/wp-json\/wp\/v2\/comments?post=90"}],"version-history":[{"count":12,"href":"https:\/\/cegenundthierry.ch\/index.php\/wp-json\/wp\/v2\/pages\/90\/revisions"}],"predecessor-version":[{"id":542,"href":"https:\/\/cegenundthierry.ch\/index.php\/wp-json\/wp\/v2\/pages\/90\/revisions\/542"}],"wp:attachment":[{"href":"https:\/\/cegenundthierry.ch\/index.php\/wp-json\/wp\/v2\/media?parent=90"}],"curies":[{"name":"wp","href":"https:\/\/api.w.org\/{rel}","templated":true}]}}