{"id":92,"date":"2023-01-18T23:46:01","date_gmt":"2023-01-18T22:46:01","guid":{"rendered":"http:\/\/cegenundthierry.ch\/?page_id=92"},"modified":"2023-03-06T18:32:14","modified_gmt":"2023-03-06T17:32:14","slug":"programm","status":"publish","type":"page","link":"https:\/\/cegenundthierry.ch\/index.php\/programm\/","title":{"rendered":"Programm"},"content":{"rendered":"\n<figure class=\"wp-block-image size-large\"><img decoding=\"async\" width=\"1024\" height=\"512\" data-src=\"https:\/\/cegenundthierry.ch\/wp-content\/uploads\/2023\/01\/CuT_Haende2_small-1024x512.jpg\" alt=\"\" class=\"wp-image-130 lazyload\" data-srcset=\"https:\/\/cegenundthierry.ch\/wp-content\/uploads\/2023\/01\/CuT_Haende2_small-1024x512.jpg 1024w, https:\/\/cegenundthierry.ch\/wp-content\/uploads\/2023\/01\/CuT_Haende2_small-300x150.jpg 300w, https:\/\/cegenundthierry.ch\/wp-content\/uploads\/2023\/01\/CuT_Haende2_small-768x384.jpg 768w, https:\/\/cegenundthierry.ch\/wp-content\/uploads\/2023\/01\/CuT_Haende2_small-1536x768.jpg 1536w, https:\/\/cegenundthierry.ch\/wp-content\/uploads\/2023\/01\/CuT_Haende2_small-2048x1024.jpg 2048w\" data-sizes=\"(max-width: 1024px) 100vw, 1024px\" src=\"data:image\/svg+xml;base64,PHN2ZyB3aWR0aD0iMSIgaGVpZ2h0PSIxIiB4bWxucz0iaHR0cDovL3d3dy53My5vcmcvMjAwMC9zdmciPjwvc3ZnPg==\" style=\"--smush-placeholder-width: 1024px; --smush-placeholder-aspect-ratio: 1024\/512;\" \/><\/figure>\n\n\n\n<h2 class=\"wp-block-heading\">Samstag 13. Mai 2023<\/h2>\n\n\n\n<div id=\"section-g237c44\" class=\"wp-block-gutentor-e1 section-g237c44 gutentor-element gutentor-element-advanced-text\"><div class=\"gutentor-text-wrap\"><p class=\"gutentor-text\">Hofgut von H\u00fcnersdorff<br><a href=\"https:\/\/goo.gl\/maps\/6mJGfRzKm4xkphS6A\">Landstrasse 42, 63939 W\u00f6rth \/ Main, Deutschland<\/a><\/p><\/div><\/div>\n\n\n\n<h4 class=\"wp-block-heading\">13:00 Uhr Empfang vor der Trauung<\/h4>\n\n\n\n<div id=\"section-g0bab91\" class=\"wp-block-gutentor-e1 section-g0bab91 gutentor-element gutentor-element-advanced-text\"><div class=\"gutentor-text-wrap\"><p class=\"gutentor-text\">Wir empfangen Dich\/Euch vor der Trauung im Innenhof des Hofguts von H\u00fcnersdorff mit k\u00fchlen Getr\u00e4nken. Wir begeben uns danach in den anliegenden Park, um die Pl\u00e4tze f\u00fcr die anschliessende Trauung einzunehmen. <\/p><\/div><\/div>\n\n\n\n<h4 class=\"wp-block-heading\">14:00 Uhr Trauung im Park mit Sektempfang<\/h4>\n\n\n\n<div id=\"section-geb03fa\" class=\"wp-block-gutentor-e1 section-geb03fa gutentor-element gutentor-element-advanced-text\"><div class=\"gutentor-text-wrap\"><p class=\"gutentor-text\">In der Parkanlage des Hofguts findet die zeremonielle Trauung im Freien statt. Anschliessend begeben wir uns wieder in den Innenhof zum Empfang des Brautpaares mit Getr\u00e4nken und H\u00e4ppchen. <br><br>Bei schlechter Witterung weichen wir f\u00fcr die Trauung auf den ehemaligen Kuhstall aus. Auch der Sektempfang findet dann im Gedeckten statt.<\/p><\/div><\/div>\n\n\n\n<h4 class=\"wp-block-heading\">17:00 Uhr Dinner mit Feier<\/h4>\n\n\n\n<div id=\"section-g94c483\" class=\"wp-block-gutentor-e1 section-g94c483 gutentor-element gutentor-element-advanced-text\"><div class=\"gutentor-text-wrap\"><p class=\"gutentor-text\">Das Hochzeitsessen und die Feier finden in der grossen Feldscheune des Hofguts statt. Angeboten werden sowohl \u00e4thiopische wie auch europ\u00e4ische Speisen. <\/p><\/div><\/div>\n\n\n\n<div id=\"section-g7d9beb\" class=\"wp-block-gutentor-e1 section-g7d9beb gutentor-element gutentor-element-advanced-text\"><div class=\"gutentor-text-wrap\"><p class=\"gutentor-text\"><\/p><\/div><\/div>\n","protected":false},"excerpt":{"rendered":"<p>Samstag 13. Mai 2023 13:00 Uhr Empfang vor der Trauung 14:00 Uhr Trauung im Park mit Sektempfang 17:00 Uhr Dinner mit Feier<\/p>\n","protected":false},"author":1,"featured_media":0,"parent":0,"menu_order":0,"comment_status":"closed","ping_status":"closed","template":"template-fullwidth.php","meta":{"footnotes":""},"class_list":["post-92","page","type-page","status-publish","hentry"],"_links":{"self":[{"href":"https:\/\/cegenundthierry.ch\/index.php\/wp-json\/wp\/v2\/pages\/92","targetHints":{"allow":["GET"]}}],"collection":[{"href":"https:\/\/cegenundthierry.ch\/index.php\/wp-json\/wp\/v2\/pages"}],"about":[{"href":"https:\/\/cegenundthierry.ch\/index.php\/wp-json\/wp\/v2\/types\/page"}],"author":[{"embeddable":true,"href":"https:\/\/cegenundthierry.ch\/index.php\/wp-json\/wp\/v2\/users\/1"}],"replies":[{"embeddable":true,"href":"https:\/\/cegenundthierry.ch\/index.php\/wp-json\/wp\/v2\/comments?post=92"}],"version-history":[{"count":29,"href":"https:\/\/cegenundthierry.ch\/index.php\/wp-json\/wp\/v2\/pages\/92\/revisions"}],"predecessor-version":[{"id":507,"href":"https:\/\/cegenundthierry.ch\/index.php\/wp-json\/wp\/v2\/pages\/92\/revisions\/507"}],"wp:attachment":[{"href":"https:\/\/cegenundthierry.ch\/index.php\/wp-json\/wp\/v2\/media?parent=92"}],"curies":[{"name":"wp","href":"https:\/\/api.w.org\/{rel}","templated":true}]}}